{"id":859,"date":"2025-09-24T15:31:29","date_gmt":"2025-09-24T13:31:29","guid":{"rendered":"https:\/\/www.toerggelehof.com\/?page_id=859"},"modified":"2025-10-02T09:01:26","modified_gmt":"2025-10-02T07:01:26","slug":"vendita-castagne-alto-adige","status":"publish","type":"page","link":"https:\/\/www.toerggelehof.com\/it\/vendita-castagne-alto-adige\/","title":{"rendered":"Vendita di castagne in Alto Adige &#8211; <span>castagne fresche direttamente dal T\u00f6rggelehof a Lana<\/span>"},"content":{"rendered":"<p>Benvenuti nella <strong>vendita di castagne in Alto Adige<\/strong>! Nel nostro tradizionale <a href=\"https:\/\/www.toerggelehof.com\/it\/\">T\u00f6rggelehof<\/a> a Lana coltiviamo con passione i nostri castagneti e offriamo <strong>castagne selezionate a mano di altissima qualit\u00e0.<\/strong> Acquistando le nostre castagne, potrete godere di freschezza, autenticit\u00e0 e genuino gusto altoatesino \u2013 direttamente dalla fattoria, senza intermediari.<\/p>\n<h2>Acquista castagne fresche dall\u2019Alto Adige<\/h2>\n<p>La castagna \u00e8 da secoli parte integrante della cultura altoatesina. Nel nostro maso le castagne vengono raccolte a mano con cura e messe a disposizione fresche per voi.<br \/>\nPerfette per tostare, bollire o per ricette tradizionali del T\u00f6rggelen \u2013 portando un pezzo dell\u2019Alto Adige direttamente a casa vostra.<\/p>\n<h3>I vantaggi di acquistare castagne dal T\u00f6rggelehof<\/h3>\n<ul>\n<li>Direttamente dalla fattoria: niente intermediari \u2013 castagne fresche direttamente dal produttore.<\/li>\n<li>Esperienza e tradizione: castagneti curati con dedizione.<\/li>\n<li>Gusto autentico altoatesino: castagne naturali e selezionate a mano.<\/li>\n<li>Locale e sostenibile: percorsi brevi, massima qualit\u00e0, sapore autentico.<\/li>\n<\/ul>\n<h4>Ordina le castagne comodamente \u2013 via WhatsApp<\/h4>\n<p>Vuoi acquistare castagne fresche dall\u2019Alto Adige? \u00c8 semplicissimo:<br \/>\nScrivici un messaggio WhatsApp indicando la quantit\u00e0 desiderata e assicurati le tue castagne del T\u00f6rggelehof.<\/p>\n<p><a class=\"ordernow\" title=\"Ordine di castagne\" href=\"tel:00393780635981\">\ud83d\udcf1 Ordini WhatsApp: <strong>+39 378 0635981<\/strong><\/a><\/p>\n<h4>Castagne \u2013 tradizione e gusto salutare<\/h4>\n<p>In autunno, le castagne in Alto Adige sono protagoniste del T\u00f6rggelen, insieme al vino novello e alla convivialit\u00e0.<br \/>\nChe siano tostate in compagnia o utilizzate in cucina, le nostre castagne rappresentano tradizione, naturalit\u00e0 e gusto sano.<\/p>\n<p>Sono ricche di fibre, vitamine e minerali, naturalmente senza glutine e facilmente digeribili \u2013 perfette per tutta la famiglia.<\/p>\n<p><strong>Goditi castagne fresche e selezionate a mano direttamente dal T\u00f6rggelehof \u2013 locali, sostenibili e dal gusto autentico!<\/strong><\/p>\n","protected":false},"excerpt":{"rendered":"<p>Benvenuti nella vendita di castagne in Alto Adige! Nel nostro tradizionale T\u00f6rggelehof a Lana coltiviamo con passione i nostri castagneti e offriamo castagne selezionate a mano di altissima qualit\u00e0. Acquistando le nostre castagne, potrete godere di freschezza, autenticit\u00e0 e genuino gusto altoatesino \u2013 direttamente dalla fattoria, senza intermediari. Acquista castagne fresche dall\u2019Alto Adige La castagna [&hellip;]<\/p>\n","protected":false},"author":1,"featured_media":0,"parent":0,"menu_order":34,"comment_status":"closed","ping_status":"closed","template":"page-kastanienverkauf.php","meta":{"footnotes":""},"class_list":["post-859","page","type-page","status-publish","hentry"],"_links":{"self":[{"href":"https:\/\/www.toerggelehof.com\/it\/wp-json\/wp\/v2\/pages\/859","targetHints":{"allow":["GET"]}}],"collection":[{"href":"https:\/\/www.toerggelehof.com\/it\/wp-json\/wp\/v2\/pages"}],"about":[{"href":"https:\/\/www.toerggelehof.com\/it\/wp-json\/wp\/v2\/types\/page"}],"author":[{"embeddable":true,"href":"https:\/\/www.toerggelehof.com\/it\/wp-json\/wp\/v2\/users\/1"}],"replies":[{"embeddable":true,"href":"https:\/\/www.toerggelehof.com\/it\/wp-json\/wp\/v2\/comments?post=859"}],"version-history":[{"count":0,"href":"https:\/\/www.toerggelehof.com\/it\/wp-json\/wp\/v2\/pages\/859\/revisions"}],"wp:attachment":[{"href":"https:\/\/www.toerggelehof.com\/it\/wp-json\/wp\/v2\/media?parent=859"}],"curies":[{"name":"wp","href":"https:\/\/api.w.org\/{rel}","templated":true}]}}