{"id":176,"date":"2017-06-26T15:46:16","date_gmt":"2017-06-26T13:46:16","guid":{"rendered":"http:\/\/www.toerggelehof.com\/?page_id=176\/"},"modified":"2017-06-28T14:25:37","modified_gmt":"2017-06-28T12:25:37","slug":"dintorni","status":"publish","type":"page","link":"https:\/\/www.toerggelehof.com\/it\/dintorni\/","title":{"rendered":"Oggi escursionismo, domani wellness, dopodomani\u2026"},"content":{"rendered":"<p>Nonostante la posizione appartata e tranquilla, il T\u00f6rggelehof \u00e8 un trampolino di lancio per avventure e attivit\u00e0 di ogni genere. In Alto Adige, ogni stagione ha un fascino particolare: dalla primavera, con la famosa fioritura dei meli, all&#8217;estate, epoca di entusiasmanti escursioni, fino all&#8217;autunno, con le sue tinte dorate, le castagne e il vino nuovo.<\/p>\n<p>Il vicino Monte San Vigilio, la pittoresca Val d&#8217;Ultimo e il maestoso paesaggio montano di Merano e dintorni, attraversato da una molteplicit\u00e0 di funivie che collegano all&#8217;area Merano 2000, l&#8217;Alta Muta, il Cervina, ecc., offrono a escursionisti e scalatori sfide diverse ogni giorno. Gli agili sentieri lungo le rogge e gli interessanti percorsi a tema, dal canto proprio, attirano chi preferisce una piacevole passeggiata. Siamo sempre a disposizione per consigli e ragguagli su itinerari e logistica. La nostra biblioteca, inoltre, \u00e8 ben fornita di guide e carte aggiornate delle varie aree escursionistiche.<\/p>\n<p>Il T\u00f6rggelehof \u00e8 un punto di partenza ideale anche per le uscite in bicicletta. La fitta rete di piste della zona offre infinite possibilit\u00e0: dall&#8217;impegnativo tragitto verso la Val d&#8217;Ultimo al percorso per mountain bike sul Monte San Vigilio, passando per la comoda ciclabile lungo la riva dell&#8217;Adige.<\/p>\n<p>Chi ama sguazzare nell&#8217;acqua apprezzer\u00e0 di certo la nostra piccola piscina in cortile con vista sulla valle. E molto probabilmente vorr\u00e0 fare una capatina alle rinomate terme di Merano, al Lido Lana o alla piscina naturale di Gargazzone.<\/p>\n<p>Quando il richiamo della citt\u00e0 si fa sentire, due sono le opzioni per eccellenza: Lana, che oltre a occupare il primo posto in Alto Adige per coltivazione di alberi da frutto \u00e8 anche uno scrigno di tesori culturali; e poco pi\u00f9 in l\u00e0 Merano, centro dal fascino a un tempo alpino e mediterraneo.<\/p>\n<p>E dopo una giornata ricca di esperienze ed emozioni cosa c&#8217;\u00e8 di pi\u00f9 bello di una rilassante serata in giardino, comodamente seduti nel nostro gazebo con vista panoramica sulle montagne? Questa s\u00ec che \u00e8 una televisione a schermo extra-large. E con una programmazione diversa ogni sera!<\/p>\n","protected":false},"excerpt":{"rendered":"<p>Nonostante la posizione appartata e tranquilla, il T\u00f6rggelehof \u00e8 un trampolino di lancio per avventure e attivit\u00e0 di ogni genere. In Alto Adige, ogni stagione ha un fascino particolare: dalla primavera, con la famosa fioritura dei meli, all&#8217;estate, epoca di entusiasmanti escursioni, fino all&#8217;autunno, con le sue tinte dorate, le castagne e il vino nuovo. [&hellip;]<\/p>\n","protected":false},"author":1,"featured_media":159,"parent":0,"menu_order":28,"comment_status":"closed","ping_status":"closed","template":"page-umgebung.php","meta":{"footnotes":""},"class_list":["post-176","page","type-page","status-publish","has-post-thumbnail","hentry"],"_links":{"self":[{"href":"https:\/\/www.toerggelehof.com\/it\/wp-json\/wp\/v2\/pages\/176","targetHints":{"allow":["GET"]}}],"collection":[{"href":"https:\/\/www.toerggelehof.com\/it\/wp-json\/wp\/v2\/pages"}],"about":[{"href":"https:\/\/www.toerggelehof.com\/it\/wp-json\/wp\/v2\/types\/page"}],"author":[{"embeddable":true,"href":"https:\/\/www.toerggelehof.com\/it\/wp-json\/wp\/v2\/users\/1"}],"replies":[{"embeddable":true,"href":"https:\/\/www.toerggelehof.com\/it\/wp-json\/wp\/v2\/comments?post=176"}],"version-history":[{"count":0,"href":"https:\/\/www.toerggelehof.com\/it\/wp-json\/wp\/v2\/pages\/176\/revisions"}],"wp:featuredmedia":[{"embeddable":true,"href":"https:\/\/www.toerggelehof.com\/it\/wp-json\/wp\/v2\/media\/159"}],"wp:attachment":[{"href":"https:\/\/www.toerggelehof.com\/it\/wp-json\/wp\/v2\/media?parent=176"}],"curies":[{"name":"wp","href":"https:\/\/api.w.org\/{rel}","templated":true}]}}